{"id":220,"date":"2013-08-07T11:40:45","date_gmt":"2013-08-07T09:40:45","guid":{"rendered":"http:\/\/ffw-neuhaus.de\/wordpress\/?page_id=220"},"modified":"2013-10-29T12:20:06","modified_gmt":"2013-10-29T11:20:06","slug":"ehemalige-fahrzeuge","status":"publish","type":"page","link":"http:\/\/ffw-neuhaus.de\/?page_id=220","title":{"rendered":"Ehemalige Fahrzeuge"},"content":{"rendered":"<p>Als kleine l\u00e4ndliche Feuerwehr ist die Liste der bisherigen Fahrzeuge \u00fcberschaubar geblieben:<\/p>\n<ul>\n<li>1932 &#8211; 1951: Mannschafts- und Ger\u00e4tewagen (aus Mitteln der Feuerwehr beschafft)<\/li>\n<li>1951 &#8211; 1962: LKW in Eigenleistung zum L\u00f6schfahrzeug umgebaut<\/li>\n<li>1962 &#8211; 1981: LF 8\/8 &#8211; Opel Blitz<\/li>\n<li>1981 &#8211; 2013: LF8 &#8211; Magirus Deutz<\/li>\n<li>1999 &#8211; 2012: MTW (Toyota Bus) &#8211; in Eigenleistung zum MTW umgebaut<\/li>\n<\/ul>\n<p style=\"text-align: center;\"><div aria-live=\"polite\" id=\"soliloquy-container-322_1\" class=\"soliloquy-container soliloquy-transition-fade soliloquy-theme-classic\" style=\"max-width:500px;max-height:250px;\"><ul id=\"soliloquy-322_1\" class=\"soliloquy-slider soliloquy-slides soliloquy-wrap soliloquy-clear\"><li aria-hidden=\"true\" class=\"soliloquy-item soliloquy-item-1 soliloquy-image-slide\" draggable=\"false\" style=\"list-style:none\"><img decoding=\"async\" id=\"soliloquy-image-327\" class=\"soliloquy-image soliloquy-image-1\" src=\"http:\/\/ffw-neuhaus.de\/wordpress\/wp-content\/uploads\/2013\/08\/OpelBlitz1.jpg\" alt=\"OpelBlitz\" \/><div class=\"soliloquy-caption\"><div class=\"soliloquy-caption-inside\">LF 8\/8, Opel Blitz 1962 - 1981<\/div><\/div><\/li><li aria-hidden=\"true\" class=\"soliloquy-item soliloquy-item-2 soliloquy-image-slide\" draggable=\"false\" style=\"list-style:none\"><img decoding=\"async\" id=\"soliloquy-image-324\" class=\"soliloquy-image soliloquy-image-2\" src=\"http:\/\/ffw-neuhaus.de\/wordpress\/wp-content\/uploads\/2013\/08\/43-1.jpg\" alt=\"43-1\" \/><div class=\"soliloquy-caption\"><div class=\"soliloquy-caption-inside\">LF 8 1981 - 2013<\/div><\/div><\/li><li aria-hidden=\"true\" class=\"soliloquy-item soliloquy-item-3 soliloquy-image-slide\" draggable=\"false\" style=\"list-style:none\"><img decoding=\"async\" id=\"soliloquy-image-326\" class=\"soliloquy-image soliloquy-image-3\" src=\"http:\/\/ffw-neuhaus.de\/wordpress\/wp-content\/uploads\/2013\/08\/DSC01780.jpg\" alt=\"DSC01780\" \/><div class=\"soliloquy-caption\"><div class=\"soliloquy-caption-inside\">LF8 1981 - 2013<\/div><\/div><\/li><li aria-hidden=\"true\" class=\"soliloquy-item soliloquy-item-4 soliloquy-image-slide\" draggable=\"false\" style=\"list-style:none\"><img decoding=\"async\" id=\"soliloquy-image-323\" class=\"soliloquy-image soliloquy-image-4\" src=\"http:\/\/ffw-neuhaus.de\/wordpress\/wp-content\/uploads\/2013\/08\/11er-1.jpg\" alt=\"11er-1\" \/><div class=\"soliloquy-caption\"><div class=\"soliloquy-caption-inside\">MTW 1999 - 2012<\/div><\/div><\/li><li aria-hidden=\"true\" class=\"soliloquy-item soliloquy-item-5 soliloquy-image-slide\" draggable=\"false\" style=\"list-style:none\"><img decoding=\"async\" id=\"soliloquy-image-325\" class=\"soliloquy-image soliloquy-image-5\" src=\"http:\/\/ffw-neuhaus.de\/wordpress\/wp-content\/uploads\/2013\/08\/DSC_0695.jpg\" alt=\"DSC_0695\" \/><div class=\"soliloquy-caption\"><div class=\"soliloquy-caption-inside\">MTW wird zum Werbefahrzeug. 2012 - 2013<\/div><\/div><\/li><\/ul><\/div><noscript><style type=\"text\/css\">#soliloquy-container-322_1{opacity:1}<\/style><\/noscript><\/p>\n<p>&nbsp;<\/p>\n","protected":false},"excerpt":{"rendered":"<p>Als kleine l\u00e4ndliche Feuerwehr ist die Liste der bisherigen Fahrzeuge \u00fcberschaubar geblieben: 1932 &#8211; 1951: Mannschafts- und Ger\u00e4tewagen (aus Mitteln der Feuerwehr beschafft) 1951 &#8211; 1962: LKW in Eigenleistung zum L\u00f6schfahrzeug umgebaut 1962 &#8211; 1981: LF 8\/8 &#8211; Opel Blitz &hellip; <a href=\"http:\/\/ffw-neuhaus.de\/?page_id=220\">Weiterlesen <span class=\"meta-nav\">&rarr;<\/span><\/a><\/p>\n","protected":false},"author":2,"featured_media":726,"parent":8,"menu_order":0,"comment_status":"closed","ping_status":"closed","template":"","meta":{"footnotes":""},"class_list":["post-220","page","type-page","status-publish","has-post-thumbnail","hentry"],"_links":{"self":[{"href":"http:\/\/ffw-neuhaus.de\/index.php?rest_route=\/wp\/v2\/pages\/220","targetHints":{"allow":["GET"]}}],"collection":[{"href":"http:\/\/ffw-neuhaus.de\/index.php?rest_route=\/wp\/v2\/pages"}],"about":[{"href":"http:\/\/ffw-neuhaus.de\/index.php?rest_route=\/wp\/v2\/types\/page"}],"author":[{"embeddable":true,"href":"http:\/\/ffw-neuhaus.de\/index.php?rest_route=\/wp\/v2\/users\/2"}],"replies":[{"embeddable":true,"href":"http:\/\/ffw-neuhaus.de\/index.php?rest_route=%2Fwp%2Fv2%2Fcomments&post=220"}],"version-history":[{"count":7,"href":"http:\/\/ffw-neuhaus.de\/index.php?rest_route=\/wp\/v2\/pages\/220\/revisions"}],"predecessor-version":[{"id":727,"href":"http:\/\/ffw-neuhaus.de\/index.php?rest_route=\/wp\/v2\/pages\/220\/revisions\/727"}],"up":[{"embeddable":true,"href":"http:\/\/ffw-neuhaus.de\/index.php?rest_route=\/wp\/v2\/pages\/8"}],"wp:featuredmedia":[{"embeddable":true,"href":"http:\/\/ffw-neuhaus.de\/index.php?rest_route=\/wp\/v2\/media\/726"}],"wp:attachment":[{"href":"http:\/\/ffw-neuhaus.de\/index.php?rest_route=%2Fwp%2Fv2%2Fmedia&parent=220"}],"curies":[{"name":"wp","href":"https:\/\/api.w.org\/{rel}","templated":true}]}}