{"id":7,"date":"2013-07-29T21:01:48","date_gmt":"2013-07-29T19:01:48","guid":{"rendered":"http:\/\/ffw-neuhaus.de\/wordpress\/?page_id=7"},"modified":"2025-08-02T18:44:51","modified_gmt":"2025-08-02T16:44:51","slug":"uber-uns","status":"publish","type":"page","link":"http:\/\/ffw-neuhaus.de\/?page_id=7","title":{"rendered":"\u00dcber Uns"},"content":{"rendered":"<p>Sie wollen Mitglied werden? Egal ob Aktiv, Passiv oder F\u00f6rdermitglied. Hier gibts den Aufnahmeantrag zum Ausf\u00fcllen:\u00a0<a href=\"http:\/\/ffw-neuhaus.de\/wordpress\/wp-content\/uploads\/2025\/08\/FFW_Dokumente_2025_Aufnahme.pdf\" target=\"_blank\" rel=\"noopener noreferrer\">Aufnahmeantrag FFW Neuhaus<\/a><\/p>\n<p><img loading=\"lazy\" decoding=\"async\" class=\"aligncenter wp-image-3832 size-full\" src=\"http:\/\/ffw-neuhaus.de\/wordpress\/wp-content\/uploads\/2021\/11\/FeuerwehrNeuhaus_2021_02_web-e1638278323952.png\" alt=\"\" width=\"1000\" height=\"500\" srcset=\"http:\/\/ffw-neuhaus.de\/wordpress\/wp-content\/uploads\/2021\/11\/FeuerwehrNeuhaus_2021_02_web-e1638278323952.png 1000w, http:\/\/ffw-neuhaus.de\/wordpress\/wp-content\/uploads\/2021\/11\/FeuerwehrNeuhaus_2021_02_web-e1638278323952-300x150.png 300w, http:\/\/ffw-neuhaus.de\/wordpress\/wp-content\/uploads\/2021\/11\/FeuerwehrNeuhaus_2021_02_web-e1638278323952-768x384.png 768w, http:\/\/ffw-neuhaus.de\/wordpress\/wp-content\/uploads\/2021\/11\/FeuerwehrNeuhaus_2021_02_web-e1638278323952-500x250.png 500w\" sizes=\"auto, (max-width: 1000px) 100vw, 1000px\" \/><\/p>\n<p style=\"text-align: center;\">Bitte w\u00e4hlen Sie den gew\u00fcnschten Men\u00fcpunkt im obigen Drop-Down-Men\u00fc.<\/p>\n","protected":false},"excerpt":{"rendered":"<p>Sie wollen Mitglied werden? Egal ob Aktiv, Passiv oder F\u00f6rdermitglied. Hier gibts den Aufnahmeantrag zum Ausf\u00fcllen:\u00a0Aufnahmeantrag FFW Neuhaus Bitte w\u00e4hlen Sie den gew\u00fcnschten Men\u00fcpunkt im obigen Drop-Down-Men\u00fc.<\/p>\n","protected":false},"author":2,"featured_media":1032,"parent":0,"menu_order":0,"comment_status":"closed","ping_status":"closed","template":"","meta":{"footnotes":""},"class_list":["post-7","page","type-page","status-publish","has-post-thumbnail","hentry"],"_links":{"self":[{"href":"http:\/\/ffw-neuhaus.de\/index.php?rest_route=\/wp\/v2\/pages\/7","targetHints":{"allow":["GET"]}}],"collection":[{"href":"http:\/\/ffw-neuhaus.de\/index.php?rest_route=\/wp\/v2\/pages"}],"about":[{"href":"http:\/\/ffw-neuhaus.de\/index.php?rest_route=\/wp\/v2\/types\/page"}],"author":[{"embeddable":true,"href":"http:\/\/ffw-neuhaus.de\/index.php?rest_route=\/wp\/v2\/users\/2"}],"replies":[{"embeddable":true,"href":"http:\/\/ffw-neuhaus.de\/index.php?rest_route=%2Fwp%2Fv2%2Fcomments&post=7"}],"version-history":[{"count":22,"href":"http:\/\/ffw-neuhaus.de\/index.php?rest_route=\/wp\/v2\/pages\/7\/revisions"}],"predecessor-version":[{"id":4896,"href":"http:\/\/ffw-neuhaus.de\/index.php?rest_route=\/wp\/v2\/pages\/7\/revisions\/4896"}],"wp:featuredmedia":[{"embeddable":true,"href":"http:\/\/ffw-neuhaus.de\/index.php?rest_route=\/wp\/v2\/media\/1032"}],"wp:attachment":[{"href":"http:\/\/ffw-neuhaus.de\/index.php?rest_route=%2Fwp%2Fv2%2Fmedia&parent=7"}],"curies":[{"name":"wp","href":"https:\/\/api.w.org\/{rel}","templated":true}]}}